{"id":375,"date":"2017-07-10T18:10:00","date_gmt":"2017-07-10T18:10:00","guid":{"rendered":"http:\/\/www.tonkontrol.com\/?page_id=375"},"modified":"2017-07-10T18:11:58","modified_gmt":"2017-07-10T18:11:58","slug":"malzeme","status":"publish","type":"page","link":"https:\/\/www.tonkontrol.com\/fr\/malzeme\/","title":{"rendered":"Mati\u00e8re"},"content":{"rendered":"<p>Nous faisons la production de circuits int\u00e9gr\u00e9s.<\/p>\n<p>Tous les mat\u00e9riaux utilis\u00e9s lors de la production qui a fait ses preuves sur le march\u00e9 et sont choisis parmi les marques de qualit\u00e9.<\/p>\n<p>Les propri\u00e9t\u00e9s de certains mat\u00e9riaux \u00e9lectroniques utilis\u00e9s dans la production sont les suivantes:<\/p>\n<p>Carte de circuit imprim\u00e9 (PCB)<br \/>\nHabituellement, simple ou double couche,<br \/>\nle rev\u00eatement de l&#8217;int\u00e9rieur des trous,<br \/>\n\u00e9paisseur 1,6 mm,<br \/>\nmasquage rouge \/ vert,<br \/>\nimpression blanche,<br \/>\nDe haute qualit\u00e9.<\/p>\n<p>R\u00e9sistance (R\u00e9sister)<br \/>\ndes r\u00e9sistances \u00e0 couche m\u00e9tallique,<br \/>\n1% de tol\u00e9rance<\/p>\n<p>Les condensateurs (condensateurs)<br \/>\n10% polyester ou un condensateur monolithique tol\u00e9rant,<br \/>\ncondensateur \u00e9lectrolytique 105 C de type miniature,<br \/>\n10% de tantale tol\u00e9rant condensateur SMD,<\/p>\n<p>Commutateurs (Switches)<br \/>\nTaiwan premier commutateurs de type de classe,<br \/>\nMini et interrupteurs miniatures ou vari\u00e9t\u00e9s,<br \/>\n13 mm. longues Potentiom\u00e8tres arbre,<br \/>\njack st\u00e9r\u00e9o de type m\u00e9tal de qualit\u00e9,<\/p>\n<p>c\u00e2bles<br \/>\nla qualit\u00e9 des c\u00e2bles blind\u00e9s pour la sortie,<br \/>\nc\u00e2bles d&#8217;installation de qualit\u00e9 pour l&#8217;installation<\/p>\n<p>Semi-conducteurs (semi-conducteurs)<br \/>\nSemi-conducteurs choisis parmi des marques bien connues sur le march\u00e9.<\/p>\n<p>t\u00eates de pot (boutons)<br \/>\nAlliage d&#8217;aluminium,<br \/>\nrev\u00eatements de haute qualit\u00e9,<br \/>\nNoir-argent-or de couleur<br \/>\n13 mm de diam\u00e8tre<\/p>\n","protected":false},"excerpt":{"rendered":"<p>Nous faisons la production de circuits int\u00e9gr\u00e9s. Tous les mat\u00e9riaux utilis\u00e9s lors de la production qui a fait ses preuves sur le march\u00e9 et sont choisis parmi les marques de qualit\u00e9. Les propri\u00e9t\u00e9s de certains mat\u00e9riaux \u00e9lectroniques utilis\u00e9s dans la &hellip; <a href=\"https:\/\/www.tonkontrol.com\/fr\/malzeme\/\">Lire la suite\u00ad\u00ad<\/a><\/p>\n","protected":false},"author":1,"featured_media":0,"parent":0,"menu_order":0,"comment_status":"closed","ping_status":"closed","template":"page-feature.php","meta":{"kt_blocks_editor_width":"","ngg_post_thumbnail":0},"translation":{"provider":"WPGlobus","version":"2.8.11","language":"fr","enabled_languages":["tr","en","ar","az","gr","ru","de","es","fr"],"languages":{"tr":{"title":true,"content":true,"excerpt":false},"en":{"title":true,"content":true,"excerpt":false},"ar":{"title":true,"content":true,"excerpt":false},"az":{"title":true,"content":true,"excerpt":false},"gr":{"title":true,"content":true,"excerpt":false},"ru":{"title":true,"content":true,"excerpt":false},"de":{"title":true,"content":true,"excerpt":false},"es":{"title":true,"content":true,"excerpt":false},"fr":{"title":true,"content":true,"excerpt":false}}},"yoast_head":"<!-- This site is optimized with the Yoast SEO plugin v19.0 - https:\/\/yoast.com\/wordpress\/plugins\/seo\/ -->\n<title>Mati\u00e8re - Ton Kontrol<\/title>\n<meta name=\"robots\" content=\"index, follow, max-snippet:-1, max-image-preview:large, max-video-preview:-1\" \/>\n<link rel=\"canonical\" href=\"https:\/\/www.tonkontrol.com\/malzeme\/\" \/>\n<meta property=\"og:locale\" content=\"fr_FR\" \/>\n<meta property=\"og:type\" content=\"article\" \/>\n<meta property=\"og:title\" content=\"Mati\u00e8re - Ton Kontrol\" \/>\n<meta property=\"og:url\" content=\"https:\/\/www.tonkontrol.com\/malzeme\/\" \/>\n<meta property=\"og:site_name\" content=\"Ton Kontrol\" \/>\n<meta property=\"article:modified_time\" content=\"2017-07-10T18:11:58+00:00\" \/>\n<meta name=\"twitter:card\" content=\"summary\" \/>\n<meta name=\"twitter:label1\" content=\"Est. reading time\" \/>\n\t<meta name=\"twitter:data1\" content=\"5 minutes\" \/>\n<script type=\"application\/ld+json\" class=\"yoast-schema-graph\">{\"@context\":\"https:\/\/schema.org\",\"@graph\":[{\"@type\":\"WebSite\",\"@id\":\"https:\/\/www.tonkontrol.com\/#website\",\"url\":\"https:\/\/www.tonkontrol.com\/\",\"name\":\"Ton Kontrol\",\"description\":\"Syst\u00e8mes de contr\u00f4le de tonalit\u00e9 digital\",\"potentialAction\":[{\"@type\":\"SearchAction\",\"target\":{\"@type\":\"EntryPoint\",\"urlTemplate\":\"https:\/\/www.tonkontrol.com\/?s={search_term_string}\"},\"query-input\":\"required name=search_term_string\"}],\"inLanguage\":\"fr-FR\"},{\"@type\":\"WebPage\",\"@id\":\"https:\/\/www.tonkontrol.com\/malzeme\/#webpage\",\"url\":\"https:\/\/www.tonkontrol.com\/malzeme\/\",\"name\":\"Mati\u00e8re - Ton Kontrol\",\"isPartOf\":{\"@id\":\"https:\/\/www.tonkontrol.com\/#website\"},\"datePublished\":\"2017-07-10T18:10:00+00:00\",\"dateModified\":\"2017-07-10T18:11:58+00:00\",\"breadcrumb\":{\"@id\":\"https:\/\/www.tonkontrol.com\/malzeme\/#breadcrumb\"},\"inLanguage\":\"fr-FR\",\"potentialAction\":[{\"@type\":\"ReadAction\",\"target\":[\"https:\/\/www.tonkontrol.com\/malzeme\/\"]}]},{\"@type\":\"BreadcrumbList\",\"@id\":\"https:\/\/www.tonkontrol.com\/malzeme\/#breadcrumb\",\"itemListElement\":[{\"@type\":\"ListItem\",\"position\":1,\"name\":\"Index\",\"item\":\"https:\/\/www.tonkontrol.com\/\"},{\"@type\":\"ListItem\",\"position\":2,\"name\":\"Malzeme\"}]}]}<\/script>\n<!-- \/ Yoast SEO plugin. -->","yoast_head_json":{"title":"Mati\u00e8re - Ton Kontrol","robots":{"index":"index","follow":"follow","max-snippet":"max-snippet:-1","max-image-preview":"max-image-preview:large","max-video-preview":"max-video-preview:-1"},"canonical":"https:\/\/www.tonkontrol.com\/malzeme\/","og_locale":"fr_FR","og_type":"article","og_title":"Mati\u00e8re - Ton Kontrol","og_url":"https:\/\/www.tonkontrol.com\/malzeme\/","og_site_name":"Ton Kontrol","article_modified_time":"2017-07-10T18:11:58+00:00","twitter_card":"summary","twitter_misc":{"Est. reading time":"5 minutes"},"schema":{"@context":"https:\/\/schema.org","@graph":[{"@type":"WebSite","@id":"https:\/\/www.tonkontrol.com\/#website","url":"https:\/\/www.tonkontrol.com\/","name":"Ton Kontrol","description":"Syst\u00e8mes de contr\u00f4le de tonalit\u00e9 digital","potentialAction":[{"@type":"SearchAction","target":{"@type":"EntryPoint","urlTemplate":"https:\/\/www.tonkontrol.com\/?s={search_term_string}"},"query-input":"required name=search_term_string"}],"inLanguage":"fr-FR"},{"@type":"WebPage","@id":"https:\/\/www.tonkontrol.com\/malzeme\/#webpage","url":"https:\/\/www.tonkontrol.com\/malzeme\/","name":"Mati\u00e8re - Ton Kontrol","isPartOf":{"@id":"https:\/\/www.tonkontrol.com\/#website"},"datePublished":"2017-07-10T18:10:00+00:00","dateModified":"2017-07-10T18:11:58+00:00","breadcrumb":{"@id":"https:\/\/www.tonkontrol.com\/malzeme\/#breadcrumb"},"inLanguage":"fr-FR","potentialAction":[{"@type":"ReadAction","target":["https:\/\/www.tonkontrol.com\/malzeme\/"]}]},{"@type":"BreadcrumbList","@id":"https:\/\/www.tonkontrol.com\/malzeme\/#breadcrumb","itemListElement":[{"@type":"ListItem","position":1,"name":"Index","item":"https:\/\/www.tonkontrol.com\/"},{"@type":"ListItem","position":2,"name":"Malzeme"}]}]}},"_links":{"self":[{"href":"https:\/\/www.tonkontrol.com\/fr\/wp-json\/wp\/v2\/pages\/375"}],"collection":[{"href":"https:\/\/www.tonkontrol.com\/fr\/wp-json\/wp\/v2\/pages"}],"about":[{"href":"https:\/\/www.tonkontrol.com\/fr\/wp-json\/wp\/v2\/types\/page"}],"author":[{"embeddable":true,"href":"https:\/\/www.tonkontrol.com\/fr\/wp-json\/wp\/v2\/users\/1"}],"replies":[{"embeddable":true,"href":"https:\/\/www.tonkontrol.com\/fr\/wp-json\/wp\/v2\/comments?post=375"}],"version-history":[{"count":1,"href":"https:\/\/www.tonkontrol.com\/fr\/wp-json\/wp\/v2\/pages\/375\/revisions"}],"predecessor-version":[{"id":379,"href":"https:\/\/www.tonkontrol.com\/fr\/wp-json\/wp\/v2\/pages\/375\/revisions\/379"}],"wp:attachment":[{"href":"https:\/\/www.tonkontrol.com\/fr\/wp-json\/wp\/v2\/media?parent=375"}],"curies":[{"name":"wp","href":"https:\/\/api.w.org\/{rel}","templated":true}]}}