{"id":363,"date":"2017-07-08T19:19:36","date_gmt":"2017-07-08T19:19:36","guid":{"rendered":"http:\/\/www.tonkontrol.com\/?page_id=363"},"modified":"2017-07-08T19:40:31","modified_gmt":"2017-07-08T19:40:31","slug":"tasarim","status":"publish","type":"page","link":"https:\/\/www.tonkontrol.com\/fr\/tasarim\/","title":{"rendered":"Conception"},"content":{"rendered":"<p>nous fabriquons tous la conception du circuit \u00e9lectrique et \u00e9lectronique Ing\u00e9nieurs est maintenu par Kenan Budak. Afin de d\u00e9terminer les besoins des amis musiciens lors de la conception en un sur une conversation avec des amis et de nombreux musiciens sont consult\u00e9s. Circuit de l&#8217;environnement technologique se fait \u00e0 l&#8217;aide des conceptions mat\u00e9rielles et logicielles. Le m\u00eame circuit tout \u00e0 r\u00e9aliser la conception de circuits tentent de cr\u00e9er les conditions id\u00e9ales en plusieurs mod\u00e8les prototypes. Les musiciens amis demandes et suggestions sont prises en compte lors de l&#8217;\u00e9tablissement du circuit \u00e0 concevoir.<\/p>\n","protected":false},"excerpt":{"rendered":"<p>nous fabriquons tous la conception du circuit \u00e9lectrique et \u00e9lectronique Ing\u00e9nieurs est maintenu par Kenan Budak. Afin de d\u00e9terminer les besoins des amis musiciens lors de la conception en un sur une conversation avec des amis et de nombreux musiciens &hellip; <a href=\"https:\/\/www.tonkontrol.com\/fr\/tasarim\/\">Lire la suite\u00ad\u00ad<\/a><\/p>\n","protected":false},"author":1,"featured_media":248,"parent":0,"menu_order":0,"comment_status":"closed","ping_status":"closed","template":"page-feature.php","meta":{"kt_blocks_editor_width":"","ngg_post_thumbnail":0},"translation":{"provider":"WPGlobus","version":"2.8.11","language":"fr","enabled_languages":["tr","en","ar","az","gr","ru","de","es","fr"],"languages":{"tr":{"title":true,"content":true,"excerpt":false},"en":{"title":true,"content":true,"excerpt":false},"ar":{"title":true,"content":true,"excerpt":false},"az":{"title":true,"content":true,"excerpt":false},"gr":{"title":true,"content":true,"excerpt":false},"ru":{"title":true,"content":true,"excerpt":false},"de":{"title":true,"content":true,"excerpt":false},"es":{"title":true,"content":true,"excerpt":false},"fr":{"title":true,"content":true,"excerpt":false}}},"yoast_head":"<!-- This site is optimized with the Yoast SEO plugin v19.0 - https:\/\/yoast.com\/wordpress\/plugins\/seo\/ -->\n<title>Conception - Ton Kontrol<\/title>\n<meta name=\"robots\" content=\"index, follow, max-snippet:-1, max-image-preview:large, max-video-preview:-1\" \/>\n<link rel=\"canonical\" href=\"https:\/\/www.tonkontrol.com\/az\/tasarim\/\" \/>\n<meta property=\"og:locale\" content=\"fr_FR\" \/>\n<meta property=\"og:type\" content=\"article\" \/>\n<meta property=\"og:title\" content=\"Conception - Ton Kontrol\" \/>\n<meta property=\"og:url\" content=\"https:\/\/www.tonkontrol.com\/az\/tasarim\/\" \/>\n<meta property=\"og:site_name\" content=\"Ton Kontrol\" \/>\n<meta property=\"article:modified_time\" content=\"2017-07-08T19:40:31+00:00\" \/>\n<meta property=\"og:image\" content=\"https:\/\/www.tonkontrol.com\/wp-content\/uploads\/2017\/07\/AR-GE-13.jpg\" \/>\n\t<meta property=\"og:image:width\" content=\"3264\" \/>\n\t<meta property=\"og:image:height\" content=\"2448\" \/>\n\t<meta property=\"og:image:type\" content=\"image\/jpeg\" \/>\n<meta name=\"twitter:card\" content=\"summary\" \/>\n<meta name=\"twitter:label1\" content=\"Est. reading time\" \/>\n\t<meta name=\"twitter:data1\" content=\"3 minutes\" \/>\n<script type=\"application\/ld+json\" class=\"yoast-schema-graph\">{\"@context\":\"https:\/\/schema.org\",\"@graph\":[{\"@type\":\"WebSite\",\"@id\":\"https:\/\/www.tonkontrol.com\/#website\",\"url\":\"https:\/\/www.tonkontrol.com\/\",\"name\":\"Ton Kontrol\",\"description\":\"Syst\u00e8mes de contr\u00f4le de tonalit\u00e9 digital\",\"potentialAction\":[{\"@type\":\"SearchAction\",\"target\":{\"@type\":\"EntryPoint\",\"urlTemplate\":\"https:\/\/www.tonkontrol.com\/?s={search_term_string}\"},\"query-input\":\"required name=search_term_string\"}],\"inLanguage\":\"fr-FR\"},{\"@type\":\"ImageObject\",\"inLanguage\":\"fr-FR\",\"@id\":\"https:\/\/www.tonkontrol.com\/az\/tasarim\/#primaryimage\",\"url\":\"https:\/\/www.tonkontrol.com\/wp-content\/uploads\/2017\/07\/AR-GE-13.jpg\",\"contentUrl\":\"https:\/\/www.tonkontrol.com\/wp-content\/uploads\/2017\/07\/AR-GE-13.jpg\",\"width\":3264,\"height\":2448},{\"@type\":\"WebPage\",\"@id\":\"https:\/\/www.tonkontrol.com\/az\/tasarim\/#webpage\",\"url\":\"https:\/\/www.tonkontrol.com\/az\/tasarim\/\",\"name\":\"Conception - Ton Kontrol\",\"isPartOf\":{\"@id\":\"https:\/\/www.tonkontrol.com\/#website\"},\"primaryImageOfPage\":{\"@id\":\"https:\/\/www.tonkontrol.com\/az\/tasarim\/#primaryimage\"},\"datePublished\":\"2017-07-08T19:19:36+00:00\",\"dateModified\":\"2017-07-08T19:40:31+00:00\",\"breadcrumb\":{\"@id\":\"https:\/\/www.tonkontrol.com\/az\/tasarim\/#breadcrumb\"},\"inLanguage\":\"fr-FR\",\"potentialAction\":[{\"@type\":\"ReadAction\",\"target\":[\"https:\/\/www.tonkontrol.com\/az\/tasarim\/\"]}]},{\"@type\":\"BreadcrumbList\",\"@id\":\"https:\/\/www.tonkontrol.com\/az\/tasarim\/#breadcrumb\",\"itemListElement\":[{\"@type\":\"ListItem\",\"position\":1,\"name\":\"Index\",\"item\":\"https:\/\/www.tonkontrol.com\/\"},{\"@type\":\"ListItem\",\"position\":2,\"name\":\"Dizayn\"}]}]}<\/script>\n<!-- \/ Yoast SEO plugin. -->","yoast_head_json":{"title":"Conception - Ton Kontrol","robots":{"index":"index","follow":"follow","max-snippet":"max-snippet:-1","max-image-preview":"max-image-preview:large","max-video-preview":"max-video-preview:-1"},"canonical":"https:\/\/www.tonkontrol.com\/az\/tasarim\/","og_locale":"fr_FR","og_type":"article","og_title":"Conception - Ton Kontrol","og_url":"https:\/\/www.tonkontrol.com\/az\/tasarim\/","og_site_name":"Ton Kontrol","article_modified_time":"2017-07-08T19:40:31+00:00","og_image":[{"width":3264,"height":2448,"url":"https:\/\/www.tonkontrol.com\/wp-content\/uploads\/2017\/07\/AR-GE-13.jpg","type":"image\/jpeg"}],"twitter_card":"summary","twitter_misc":{"Est. reading time":"3 minutes"},"schema":{"@context":"https:\/\/schema.org","@graph":[{"@type":"WebSite","@id":"https:\/\/www.tonkontrol.com\/#website","url":"https:\/\/www.tonkontrol.com\/","name":"Ton Kontrol","description":"Syst\u00e8mes de contr\u00f4le de tonalit\u00e9 digital","potentialAction":[{"@type":"SearchAction","target":{"@type":"EntryPoint","urlTemplate":"https:\/\/www.tonkontrol.com\/?s={search_term_string}"},"query-input":"required name=search_term_string"}],"inLanguage":"fr-FR"},{"@type":"ImageObject","inLanguage":"fr-FR","@id":"https:\/\/www.tonkontrol.com\/az\/tasarim\/#primaryimage","url":"https:\/\/www.tonkontrol.com\/wp-content\/uploads\/2017\/07\/AR-GE-13.jpg","contentUrl":"https:\/\/www.tonkontrol.com\/wp-content\/uploads\/2017\/07\/AR-GE-13.jpg","width":3264,"height":2448},{"@type":"WebPage","@id":"https:\/\/www.tonkontrol.com\/az\/tasarim\/#webpage","url":"https:\/\/www.tonkontrol.com\/az\/tasarim\/","name":"Conception - Ton Kontrol","isPartOf":{"@id":"https:\/\/www.tonkontrol.com\/#website"},"primaryImageOfPage":{"@id":"https:\/\/www.tonkontrol.com\/az\/tasarim\/#primaryimage"},"datePublished":"2017-07-08T19:19:36+00:00","dateModified":"2017-07-08T19:40:31+00:00","breadcrumb":{"@id":"https:\/\/www.tonkontrol.com\/az\/tasarim\/#breadcrumb"},"inLanguage":"fr-FR","potentialAction":[{"@type":"ReadAction","target":["https:\/\/www.tonkontrol.com\/az\/tasarim\/"]}]},{"@type":"BreadcrumbList","@id":"https:\/\/www.tonkontrol.com\/az\/tasarim\/#breadcrumb","itemListElement":[{"@type":"ListItem","position":1,"name":"Index","item":"https:\/\/www.tonkontrol.com\/"},{"@type":"ListItem","position":2,"name":"Dizayn"}]}]}},"_links":{"self":[{"href":"https:\/\/www.tonkontrol.com\/fr\/wp-json\/wp\/v2\/pages\/363"}],"collection":[{"href":"https:\/\/www.tonkontrol.com\/fr\/wp-json\/wp\/v2\/pages"}],"about":[{"href":"https:\/\/www.tonkontrol.com\/fr\/wp-json\/wp\/v2\/types\/page"}],"author":[{"embeddable":true,"href":"https:\/\/www.tonkontrol.com\/fr\/wp-json\/wp\/v2\/users\/1"}],"replies":[{"embeddable":true,"href":"https:\/\/www.tonkontrol.com\/fr\/wp-json\/wp\/v2\/comments?post=363"}],"version-history":[{"count":10,"href":"https:\/\/www.tonkontrol.com\/fr\/wp-json\/wp\/v2\/pages\/363\/revisions"}],"predecessor-version":[{"id":374,"href":"https:\/\/www.tonkontrol.com\/fr\/wp-json\/wp\/v2\/pages\/363\/revisions\/374"}],"wp:featuredmedia":[{"embeddable":true,"href":"https:\/\/www.tonkontrol.com\/fr\/wp-json\/wp\/v2\/media\/248"}],"wp:attachment":[{"href":"https:\/\/www.tonkontrol.com\/fr\/wp-json\/wp\/v2\/media?parent=363"}],"curies":[{"name":"wp","href":"https:\/\/api.w.org\/{rel}","templated":true}]}}