{"id":375,"date":"2017-07-10T18:10:00","date_gmt":"2017-07-10T18:10:00","guid":{"rendered":"http:\/\/www.tonkontrol.com\/?page_id=375"},"modified":"2017-07-10T18:11:58","modified_gmt":"2017-07-10T18:11:58","slug":"malzeme","status":"publish","type":"page","link":"https:\/\/www.tonkontrol.com\/es\/malzeme\/","title":{"rendered":"Material"},"content":{"rendered":"<p>Estamos haciendo la producci\u00f3n de circuitos integrados.<\/p>\n<p>Todos los materiales utilizados durante la producci\u00f3n, que ha demostrado su val\u00eda en el mercado y se seleccionan entre marcas de calidad.<\/p>\n<p>Las propiedades de algunos materiales electr\u00f3nico utilizado en la producci\u00f3n son como sigue:<\/p>\n<p>Placa de circuito impreso (PCB)<br \/>\nPor lo general, solo o capa doble,<br \/>\nrecubrir el interior de los agujeros,<br \/>\n1,6 mm de espesor,<br \/>\n\/ Enmascaramiento verde rojo,<br \/>\nimpresi\u00f3n en blanco,<br \/>\nDe alta calidad.<\/p>\n<p>Resistencia (resistir)<br \/>\nLas resistencias de pel\u00edcula met\u00e1lica,<br \/>\ntolerancia del 1%<\/p>\n<p>Los condensadores (Capacitor)<br \/>\n10% de poli\u00e9ster o un condensador monol\u00edtico tolerante,<br \/>\n105 C tipo miniatura condensador electrol\u00edtico,<br \/>\n10% condensador SMD t\u00e1ntalo tolerante,<\/p>\n<p>Conmutadores (switches)<br \/>\nTaiw\u00e1n interruptores primer tipo de clase,<br \/>\nMini y conmutadores o variedades en miniatura,<br \/>\n13 mm. potenci\u00f3metros de eje largo,<br \/>\nCalidad de metal jack tipo est\u00e9reo,<\/p>\n<p>cables<br \/>\nla calidad de cables blindados para su uso en la salida,<br \/>\ncables de instalaci\u00f3n de la calidad para la instalaci\u00f3n<\/p>\n<p>Semiconductores (semiconductores)<br \/>\nSemiconductores seleccionados de marcas conocidas en el mercado.<\/p>\n<p>cabezas Pot (perillas)<br \/>\naleaci\u00f3n de aluminio,<br \/>\nrevestimientos de alta calidad,<br \/>\nNegro-plata-oro de color<br \/>\n13 mm de di\u00e1metro<\/p>\n","protected":false},"excerpt":{"rendered":"<p>Estamos haciendo la producci\u00f3n de circuitos integrados. Todos los materiales utilizados durante la producci\u00f3n, que ha demostrado su val\u00eda en el mercado y se seleccionan entre marcas de calidad. Las propiedades de algunos materiales electr\u00f3nico utilizado en la producci\u00f3n son &hellip; <a href=\"https:\/\/www.tonkontrol.com\/es\/malzeme\/\">Continuar<\/a><\/p>\n","protected":false},"author":1,"featured_media":0,"parent":0,"menu_order":0,"comment_status":"closed","ping_status":"closed","template":"page-feature.php","meta":{"kt_blocks_editor_width":"","ngg_post_thumbnail":0},"translation":{"provider":"WPGlobus","version":"2.8.11","language":"es","enabled_languages":["tr","en","ar","az","gr","ru","de","es","fr"],"languages":{"tr":{"title":true,"content":true,"excerpt":false},"en":{"title":true,"content":true,"excerpt":false},"ar":{"title":true,"content":true,"excerpt":false},"az":{"title":true,"content":true,"excerpt":false},"gr":{"title":true,"content":true,"excerpt":false},"ru":{"title":true,"content":true,"excerpt":false},"de":{"title":true,"content":true,"excerpt":false},"es":{"title":true,"content":true,"excerpt":false},"fr":{"title":true,"content":true,"excerpt":false}}},"yoast_head":"<!-- This site is optimized with the Yoast SEO plugin v19.0 - https:\/\/yoast.com\/wordpress\/plugins\/seo\/ -->\n<title>Material - Ton Kontrol<\/title>\n<meta name=\"robots\" content=\"index, follow, max-snippet:-1, max-image-preview:large, max-video-preview:-1\" \/>\n<link rel=\"canonical\" href=\"https:\/\/www.tonkontrol.com\/malzeme\/\" \/>\n<meta property=\"og:locale\" content=\"es_ES\" \/>\n<meta property=\"og:type\" content=\"article\" \/>\n<meta property=\"og:title\" content=\"Material - Ton Kontrol\" \/>\n<meta property=\"og:url\" content=\"https:\/\/www.tonkontrol.com\/malzeme\/\" \/>\n<meta property=\"og:site_name\" content=\"Ton Kontrol\" \/>\n<meta property=\"article:modified_time\" content=\"2017-07-10T18:11:58+00:00\" \/>\n<meta name=\"twitter:card\" content=\"summary\" \/>\n<meta name=\"twitter:label1\" content=\"Est. reading time\" \/>\n\t<meta name=\"twitter:data1\" content=\"5 minutes\" \/>\n<script type=\"application\/ld+json\" class=\"yoast-schema-graph\">{\"@context\":\"https:\/\/schema.org\",\"@graph\":[{\"@type\":\"WebSite\",\"@id\":\"https:\/\/www.tonkontrol.com\/#website\",\"url\":\"https:\/\/www.tonkontrol.com\/\",\"name\":\"Ton Kontrol\",\"description\":\"Sistemas de control de tono digital\",\"potentialAction\":[{\"@type\":\"SearchAction\",\"target\":{\"@type\":\"EntryPoint\",\"urlTemplate\":\"https:\/\/www.tonkontrol.com\/?s={search_term_string}\"},\"query-input\":\"required name=search_term_string\"}],\"inLanguage\":\"es-ES\"},{\"@type\":\"WebPage\",\"@id\":\"https:\/\/www.tonkontrol.com\/malzeme\/#webpage\",\"url\":\"https:\/\/www.tonkontrol.com\/malzeme\/\",\"name\":\"Material - Ton Kontrol\",\"isPartOf\":{\"@id\":\"https:\/\/www.tonkontrol.com\/#website\"},\"datePublished\":\"2017-07-10T18:10:00+00:00\",\"dateModified\":\"2017-07-10T18:11:58+00:00\",\"breadcrumb\":{\"@id\":\"https:\/\/www.tonkontrol.com\/malzeme\/#breadcrumb\"},\"inLanguage\":\"es-ES\",\"potentialAction\":[{\"@type\":\"ReadAction\",\"target\":[\"https:\/\/www.tonkontrol.com\/malzeme\/\"]}]},{\"@type\":\"BreadcrumbList\",\"@id\":\"https:\/\/www.tonkontrol.com\/malzeme\/#breadcrumb\",\"itemListElement\":[{\"@type\":\"ListItem\",\"position\":1,\"name\":\"Index\",\"item\":\"https:\/\/www.tonkontrol.com\/\"},{\"@type\":\"ListItem\",\"position\":2,\"name\":\"Malzeme\"}]}]}<\/script>\n<!-- \/ Yoast SEO plugin. -->","yoast_head_json":{"title":"Material - Ton Kontrol","robots":{"index":"index","follow":"follow","max-snippet":"max-snippet:-1","max-image-preview":"max-image-preview:large","max-video-preview":"max-video-preview:-1"},"canonical":"https:\/\/www.tonkontrol.com\/malzeme\/","og_locale":"es_ES","og_type":"article","og_title":"Material - Ton Kontrol","og_url":"https:\/\/www.tonkontrol.com\/malzeme\/","og_site_name":"Ton Kontrol","article_modified_time":"2017-07-10T18:11:58+00:00","twitter_card":"summary","twitter_misc":{"Est. reading time":"5 minutes"},"schema":{"@context":"https:\/\/schema.org","@graph":[{"@type":"WebSite","@id":"https:\/\/www.tonkontrol.com\/#website","url":"https:\/\/www.tonkontrol.com\/","name":"Ton Kontrol","description":"Sistemas de control de tono digital","potentialAction":[{"@type":"SearchAction","target":{"@type":"EntryPoint","urlTemplate":"https:\/\/www.tonkontrol.com\/?s={search_term_string}"},"query-input":"required name=search_term_string"}],"inLanguage":"es-ES"},{"@type":"WebPage","@id":"https:\/\/www.tonkontrol.com\/malzeme\/#webpage","url":"https:\/\/www.tonkontrol.com\/malzeme\/","name":"Material - Ton Kontrol","isPartOf":{"@id":"https:\/\/www.tonkontrol.com\/#website"},"datePublished":"2017-07-10T18:10:00+00:00","dateModified":"2017-07-10T18:11:58+00:00","breadcrumb":{"@id":"https:\/\/www.tonkontrol.com\/malzeme\/#breadcrumb"},"inLanguage":"es-ES","potentialAction":[{"@type":"ReadAction","target":["https:\/\/www.tonkontrol.com\/malzeme\/"]}]},{"@type":"BreadcrumbList","@id":"https:\/\/www.tonkontrol.com\/malzeme\/#breadcrumb","itemListElement":[{"@type":"ListItem","position":1,"name":"Index","item":"https:\/\/www.tonkontrol.com\/"},{"@type":"ListItem","position":2,"name":"Malzeme"}]}]}},"_links":{"self":[{"href":"https:\/\/www.tonkontrol.com\/es\/wp-json\/wp\/v2\/pages\/375"}],"collection":[{"href":"https:\/\/www.tonkontrol.com\/es\/wp-json\/wp\/v2\/pages"}],"about":[{"href":"https:\/\/www.tonkontrol.com\/es\/wp-json\/wp\/v2\/types\/page"}],"author":[{"embeddable":true,"href":"https:\/\/www.tonkontrol.com\/es\/wp-json\/wp\/v2\/users\/1"}],"replies":[{"embeddable":true,"href":"https:\/\/www.tonkontrol.com\/es\/wp-json\/wp\/v2\/comments?post=375"}],"version-history":[{"count":1,"href":"https:\/\/www.tonkontrol.com\/es\/wp-json\/wp\/v2\/pages\/375\/revisions"}],"predecessor-version":[{"id":379,"href":"https:\/\/www.tonkontrol.com\/es\/wp-json\/wp\/v2\/pages\/375\/revisions\/379"}],"wp:attachment":[{"href":"https:\/\/www.tonkontrol.com\/es\/wp-json\/wp\/v2\/media?parent=375"}],"curies":[{"name":"wp","href":"https:\/\/api.w.org\/{rel}","templated":true}]}}