{"id":431,"date":"2017-07-10T19:26:31","date_gmt":"2017-07-10T19:26:31","guid":{"rendered":"http:\/\/www.tonkontrol.com\/?page_id=431"},"modified":"2017-07-10T19:33:33","modified_gmt":"2017-07-10T19:33:33","slug":"video-galeri","status":"publish","type":"page","link":"https:\/\/www.tonkontrol.com\/az\/video-galeri\/","title":{"rendered":"Video Qalereya"},"content":{"rendered":"<div class=\"epyt-gallery\" data-currpage=\"1\" id=\"epyt_gallery_90390\"><figure class=\"wp-block-embed wp-block-embed-youtube is-type-video is-provider-youtube epyt-figure\"><div class=\"wp-block-embed__wrapper\"><div class=\"epyt-video-wrapper\"><iframe  id=\"_ytid_77700\"  width=\"1140\" height=\"641\"  data-origwidth=\"1140\" data-origheight=\"641\" src=\"https:\/\/www.youtube.com\/embed\/uoE2RqzM9HI?enablejsapi=1&autoplay=0&cc_load_policy=0&cc_lang_pref=&iv_load_policy=1&loop=0&modestbranding=0&rel=0&fs=1&playsinline=0&autohide=2&hl=az_AZ&theme=dark&color=red&controls=1&\" class=\"__youtube_prefs__  no-lazyload\" data-vol=\"100\"  title=\"YouTube player\"  data-epytgalleryid=\"epyt_gallery_90390\"  allow=\"accelerometer; autoplay; clipboard-write; encrypted-media; gyroscope; picture-in-picture\" allowfullscreen data-no-lazy=\"1\" data-skipgform_ajax_framebjll=\"\"><\/iframe><\/div><\/div><\/figure><div class=\"epyt-gallery-subscribe\"><a target=\"_blank\" class=\"epyt-gallery-subbutton\" href=\"https:\/\/www.youtube.com\/user\/tonkontrol\/?sub_confirmation=1\"><img alt=\"subscribe\" src=\"https:\/\/www.tonkontrol.com\/wp-content\/plugins\/youtube-embed-plus\/images\/play-subscribe.png\" \/>Subscribe!<\/a><\/div><div class=\"epyt-gallery-list\"><div class=\"epyt-pagination \"><div tabindex=\"0\" role=\"button\" class=\"epyt-pagebutton epyt-prev  hide \" data-playlistid=\"UUU2ZuBJI5v1Q-Lcaw3TWmvA\" data-pagesize=\"15\" data-pagetoken=\"\" data-epcolumns=\"3\" data-showtitle=\"1\" data-showpaging=\"1\" data-autonext=\"0\" data-thumbplay=\"1\"><div class=\"epyt-arrow\">&laquo;<\/div> <div>Prev<\/div><\/div><div class=\"epyt-pagenumbers \"><div class=\"epyt-current\">1<\/div><div class=\"epyt-pageseparator\"> \/ <\/div><div class=\"epyt-totalpages\">4<\/div><\/div><div tabindex=\"0\" role=\"button\" class=\"epyt-pagebutton epyt-next\" data-playlistid=\"UUU2ZuBJI5v1Q-Lcaw3TWmvA\" data-pagesize=\"15\" data-pagetoken=\"EAAaHlBUOkNBOGlFRVJCUVRVMU1VTkdOekF3T0RRMFF6TQ\" data-epcolumns=\"3\" data-showtitle=\"1\" data-showpaging=\"1\" data-autonext=\"0\" data-thumbplay=\"1\"><div>Next<\/div> <div class=\"epyt-arrow\">&raquo;<\/div><\/div><div class=\"epyt-loader\"><img alt=\"loading\" width=\"16\" height=\"11\" src=\"https:\/\/www.tonkontrol.com\/wp-content\/plugins\/youtube-embed-plus\/images\/gallery-page-loader.gif\"><\/div><\/div><div class=\"epyt-gallery-allthumbs  epyt-cols-3 \"><div tabindex=\"0\" role=\"button\" data-videoid=\"uoE2RqzM9HI\" class=\"epyt-gallery-thumb\"><div class=\"epyt-gallery-img-box\"><div class=\"epyt-gallery-img\" style=\"background-image: url(https:\/\/i.ytimg.com\/vi\/uoE2RqzM9HI\/hqdefault.jpg)\"><div class=\"epyt-gallery-playhover\"><img alt=\"play\" class=\"epyt-play-img\" width=\"30\" height=\"23\" src=\"https:\/\/www.tonkontrol.com\/wp-content\/plugins\/youtube-embed-plus\/images\/playhover.png\" data-no-lazy=\"1\" data-skipgform_ajax_framebjll=\"\" \/><div class=\"epyt-gallery-playcrutch\"><\/div><\/div><\/div><\/div><div class=\"epyt-gallery-title\">Elektro Sazlar \u0130\u00e7in 9 Volt \u015earjl\u0131 Pil Yuvas\u0131<\/div><\/div><div tabindex=\"0\" role=\"button\" data-videoid=\"Uk1_FuoqF-0\" class=\"epyt-gallery-thumb\"><div class=\"epyt-gallery-img-box\"><div class=\"epyt-gallery-img\" style=\"background-image: url(https:\/\/i.ytimg.com\/vi\/Uk1_FuoqF-0\/hqdefault.jpg)\"><div class=\"epyt-gallery-playhover\"><img alt=\"play\" class=\"epyt-play-img\" width=\"30\" height=\"23\" src=\"https:\/\/www.tonkontrol.com\/wp-content\/plugins\/youtube-embed-plus\/images\/playhover.png\" data-no-lazy=\"1\" data-skipgform_ajax_framebjll=\"\" \/><div class=\"epyt-gallery-playcrutch\"><\/div><\/div><\/div><\/div><div class=\"epyt-gallery-title\">Elektro Ba\u011flamalar \u0130\u00e7in 16 Efektli Dijital Ton Kontrol Sistemi<\/div><\/div><div tabindex=\"0\" role=\"button\" data-videoid=\"DijnoqF67FI\" class=\"epyt-gallery-thumb\"><div class=\"epyt-gallery-img-box\"><div class=\"epyt-gallery-img\" style=\"background-image: url(https:\/\/i.ytimg.com\/vi\/DijnoqF67FI\/hqdefault.jpg)\"><div class=\"epyt-gallery-playhover\"><img alt=\"play\" class=\"epyt-play-img\" width=\"30\" height=\"23\" src=\"https:\/\/www.tonkontrol.com\/wp-content\/plugins\/youtube-embed-plus\/images\/playhover.png\" data-no-lazy=\"1\" data-skipgform_ajax_framebjll=\"\" \/><div class=\"epyt-gallery-playcrutch\"><\/div><\/div><\/div><\/div><div class=\"epyt-gallery-title\">Hzn Classic Phaser ile E\u015fikalt\u0131 &amp; Tek Manyetik Performans\u0131<\/div><\/div><div class=\"epyt-gallery-rowbreak\"><\/div><div tabindex=\"0\" role=\"button\" data-videoid=\"LVKqcR5XohY\" class=\"epyt-gallery-thumb\"><div class=\"epyt-gallery-img-box\"><div class=\"epyt-gallery-img\" style=\"background-image: url(https:\/\/i.ytimg.com\/vi\/LVKqcR5XohY\/hqdefault.jpg)\"><div class=\"epyt-gallery-playhover\"><img alt=\"play\" class=\"epyt-play-img\" width=\"30\" height=\"23\" src=\"https:\/\/www.tonkontrol.com\/wp-content\/plugins\/youtube-embed-plus\/images\/playhover.png\" data-no-lazy=\"1\" data-skipgform_ajax_framebjll=\"\" \/><div class=\"epyt-gallery-playcrutch\"><\/div><\/div><\/div><\/div><div class=\"epyt-gallery-title\">Elektro Ba\u011flama Yeni Tonlama Test<\/div><\/div><div tabindex=\"0\" role=\"button\" data-videoid=\"8WQPQVO9k9I\" class=\"epyt-gallery-thumb\"><div class=\"epyt-gallery-img-box\"><div class=\"epyt-gallery-img\" style=\"background-image: url(https:\/\/i.ytimg.com\/vi\/8WQPQVO9k9I\/hqdefault.jpg)\"><div class=\"epyt-gallery-playhover\"><img alt=\"play\" class=\"epyt-play-img\" width=\"30\" height=\"23\" src=\"https:\/\/www.tonkontrol.com\/wp-content\/plugins\/youtube-embed-plus\/images\/playhover.png\" data-no-lazy=\"1\" data-skipgform_ajax_framebjll=\"\" \/><div class=\"epyt-gallery-playcrutch\"><\/div><\/div><\/div><\/div><div class=\"epyt-gallery-title\">Turkmen Dutar Ekolizer HZN DTR-01<\/div><\/div><div tabindex=\"0\" role=\"button\" data-videoid=\"-L2zLRVmG1Y\" class=\"epyt-gallery-thumb\"><div class=\"epyt-gallery-img-box\"><div class=\"epyt-gallery-img\" style=\"background-image: url(https:\/\/i.ytimg.com\/vi\/-L2zLRVmG1Y\/hqdefault.jpg)\"><div class=\"epyt-gallery-playhover\"><img alt=\"play\" class=\"epyt-play-img\" width=\"30\" height=\"23\" src=\"https:\/\/www.tonkontrol.com\/wp-content\/plugins\/youtube-embed-plus\/images\/playhover.png\" data-no-lazy=\"1\" data-skipgform_ajax_framebjll=\"\" \/><div class=\"epyt-gallery-playcrutch\"><\/div><\/div><\/div><\/div><div class=\"epyt-gallery-title\">Teber Saz Devresi D\u00fc\u011f\u00fcn Performans\u0131 2<\/div><\/div><div class=\"epyt-gallery-rowbreak\"><\/div><div tabindex=\"0\" role=\"button\" data-videoid=\"HTWGMQc15q8\" class=\"epyt-gallery-thumb\"><div class=\"epyt-gallery-img-box\"><div class=\"epyt-gallery-img\" style=\"background-image: url(https:\/\/i.ytimg.com\/vi\/HTWGMQc15q8\/hqdefault.jpg)\"><div class=\"epyt-gallery-playhover\"><img alt=\"play\" class=\"epyt-play-img\" width=\"30\" height=\"23\" src=\"https:\/\/www.tonkontrol.com\/wp-content\/plugins\/youtube-embed-plus\/images\/playhover.png\" data-no-lazy=\"1\" data-skipgform_ajax_framebjll=\"\" \/><div class=\"epyt-gallery-playcrutch\"><\/div><\/div><\/div><\/div><div class=\"epyt-gallery-title\">Teber Saz Devresi D\u00fc\u011f\u00fcn Performans\u0131 1<\/div><\/div><div tabindex=\"0\" role=\"button\" data-videoid=\"12PsxtEEu9w\" class=\"epyt-gallery-thumb\"><div class=\"epyt-gallery-img-box\"><div class=\"epyt-gallery-img\" style=\"background-image: url(https:\/\/i.ytimg.com\/vi\/12PsxtEEu9w\/hqdefault.jpg)\"><div class=\"epyt-gallery-playhover\"><img alt=\"play\" class=\"epyt-play-img\" width=\"30\" height=\"23\" src=\"https:\/\/www.tonkontrol.com\/wp-content\/plugins\/youtube-embed-plus\/images\/playhover.png\" data-no-lazy=\"1\" data-skipgform_ajax_framebjll=\"\" \/><div class=\"epyt-gallery-playcrutch\"><\/div><\/div><\/div><\/div><div class=\"epyt-gallery-title\">Saz Ekolizer Devresi D\u00fc\u011f\u00fcn Performans\u0131 3<\/div><\/div><div tabindex=\"0\" role=\"button\" data-videoid=\"u_lbYqaOgOA\" class=\"epyt-gallery-thumb\"><div class=\"epyt-gallery-img-box\"><div class=\"epyt-gallery-img\" style=\"background-image: url(https:\/\/i.ytimg.com\/vi\/u_lbYqaOgOA\/hqdefault.jpg)\"><div class=\"epyt-gallery-playhover\"><img alt=\"play\" class=\"epyt-play-img\" width=\"30\" height=\"23\" src=\"https:\/\/www.tonkontrol.com\/wp-content\/plugins\/youtube-embed-plus\/images\/playhover.png\" data-no-lazy=\"1\" data-skipgform_ajax_framebjll=\"\" \/><div class=\"epyt-gallery-playcrutch\"><\/div><\/div><\/div><\/div><div class=\"epyt-gallery-title\">Saz Ekolizer Devresi D\u00fc\u011f\u00fcn Performans\u0131 2<\/div><\/div><div class=\"epyt-gallery-rowbreak\"><\/div><div tabindex=\"0\" role=\"button\" data-videoid=\"fC9FM2_aN7s\" class=\"epyt-gallery-thumb\"><div class=\"epyt-gallery-img-box\"><div class=\"epyt-gallery-img\" style=\"background-image: url(https:\/\/i.ytimg.com\/vi\/fC9FM2_aN7s\/hqdefault.jpg)\"><div class=\"epyt-gallery-playhover\"><img alt=\"play\" class=\"epyt-play-img\" width=\"30\" height=\"23\" src=\"https:\/\/www.tonkontrol.com\/wp-content\/plugins\/youtube-embed-plus\/images\/playhover.png\" data-no-lazy=\"1\" data-skipgform_ajax_framebjll=\"\" \/><div class=\"epyt-gallery-playcrutch\"><\/div><\/div><\/div><\/div><div class=\"epyt-gallery-title\">Saz Ekolizer Devresi D\u00fc\u011f\u00fcn Performans\u0131 1<\/div><\/div><div tabindex=\"0\" role=\"button\" data-videoid=\"XkMd5nUuX50\" class=\"epyt-gallery-thumb\"><div class=\"epyt-gallery-img-box\"><div class=\"epyt-gallery-img\" style=\"background-image: url(https:\/\/i.ytimg.com\/vi\/XkMd5nUuX50\/hqdefault.jpg)\"><div class=\"epyt-gallery-playhover\"><img alt=\"play\" class=\"epyt-play-img\" width=\"30\" height=\"23\" src=\"https:\/\/www.tonkontrol.com\/wp-content\/plugins\/youtube-embed-plus\/images\/playhover.png\" data-no-lazy=\"1\" data-skipgform_ajax_framebjll=\"\" \/><div class=\"epyt-gallery-playcrutch\"><\/div><\/div><\/div><\/div><div class=\"epyt-gallery-title\">Ba\u011flama ile K\u00fcrdili Hicazkar Longa (\u015eaban O\u011flu \u015eaban Film M\u00fczi\u011fi) - Sel\u00e7uk SALGAR<\/div><\/div><div tabindex=\"0\" role=\"button\" data-videoid=\"edE4LxBK7_o\" class=\"epyt-gallery-thumb\"><div class=\"epyt-gallery-img-box\"><div class=\"epyt-gallery-img\" style=\"background-image: url(https:\/\/i.ytimg.com\/vi\/edE4LxBK7_o\/hqdefault.jpg)\"><div class=\"epyt-gallery-playhover\"><img alt=\"play\" class=\"epyt-play-img\" width=\"30\" height=\"23\" src=\"https:\/\/www.tonkontrol.com\/wp-content\/plugins\/youtube-embed-plus\/images\/playhover.png\" data-no-lazy=\"1\" data-skipgform_ajax_framebjll=\"\" \/><div class=\"epyt-gallery-playcrutch\"><\/div><\/div><\/div><\/div><div class=\"epyt-gallery-title\">EQ-2019 E\u015fikalt\u0131 Equalizer<\/div><\/div><div class=\"epyt-gallery-rowbreak\"><\/div><div tabindex=\"0\" role=\"button\" data-videoid=\"gb1Qfu8m22g\" class=\"epyt-gallery-thumb\"><div class=\"epyt-gallery-img-box\"><div class=\"epyt-gallery-img\" style=\"background-image: url(https:\/\/i.ytimg.com\/vi\/gb1Qfu8m22g\/hqdefault.jpg)\"><div class=\"epyt-gallery-playhover\"><img alt=\"play\" class=\"epyt-play-img\" width=\"30\" height=\"23\" src=\"https:\/\/www.tonkontrol.com\/wp-content\/plugins\/youtube-embed-plus\/images\/playhover.png\" data-no-lazy=\"1\" data-skipgform_ajax_framebjll=\"\" \/><div class=\"epyt-gallery-playcrutch\"><\/div><\/div><\/div><\/div><div class=\"epyt-gallery-title\">HZN TBR 02 - Teber Saz Equalizer - E\u015fikalt\u0131 &amp; Manyetik &amp; Phaser &amp; Distortion<\/div><\/div><div tabindex=\"0\" role=\"button\" data-videoid=\"ClWPIdP6FOo\" class=\"epyt-gallery-thumb\"><div class=\"epyt-gallery-img-box\"><div class=\"epyt-gallery-img\" style=\"background-image: url(https:\/\/i.ytimg.com\/vi\/ClWPIdP6FOo\/hqdefault.jpg)\"><div class=\"epyt-gallery-playhover\"><img alt=\"play\" class=\"epyt-play-img\" width=\"30\" height=\"23\" src=\"https:\/\/www.tonkontrol.com\/wp-content\/plugins\/youtube-embed-plus\/images\/playhover.png\" data-no-lazy=\"1\" data-skipgform_ajax_framebjll=\"\" \/><div class=\"epyt-gallery-playcrutch\"><\/div><\/div><\/div><\/div><div class=\"epyt-gallery-title\">Kara G\u00f6zl\u00fcm \u00d6lesim Var - Elektro Ba\u011flama Canl\u0131 Performans<\/div><\/div><div tabindex=\"0\" role=\"button\" data-videoid=\"wDtYbYTrY1M\" class=\"epyt-gallery-thumb\"><div class=\"epyt-gallery-img-box\"><div class=\"epyt-gallery-img\" style=\"background-image: url(https:\/\/i.ytimg.com\/vi\/wDtYbYTrY1M\/hqdefault.jpg)\"><div class=\"epyt-gallery-playhover\"><img alt=\"play\" class=\"epyt-play-img\" width=\"30\" height=\"23\" src=\"https:\/\/www.tonkontrol.com\/wp-content\/plugins\/youtube-embed-plus\/images\/playhover.png\" data-no-lazy=\"1\" data-skipgform_ajax_framebjll=\"\" \/><div class=\"epyt-gallery-playcrutch\"><\/div><\/div><\/div><\/div><div class=\"epyt-gallery-title\">4 telli Ba\u011flama Ton Test<\/div><\/div><div class=\"epyt-gallery-rowbreak\"><\/div><div class=\"epyt-gallery-clear\"><\/div><\/div><div class=\"epyt-pagination \"><div tabindex=\"0\" role=\"button\" class=\"epyt-pagebutton epyt-prev  hide \" data-playlistid=\"UUU2ZuBJI5v1Q-Lcaw3TWmvA\" data-pagesize=\"15\" data-pagetoken=\"\" data-epcolumns=\"3\" data-showtitle=\"1\" data-showpaging=\"1\" data-autonext=\"0\" data-thumbplay=\"1\"><div class=\"epyt-arrow\">&laquo;<\/div> <div>Prev<\/div><\/div><div class=\"epyt-pagenumbers \"><div class=\"epyt-current\">1<\/div><div class=\"epyt-pageseparator\"> \/ <\/div><div class=\"epyt-totalpages\">4<\/div><\/div><div tabindex=\"0\" role=\"button\" class=\"epyt-pagebutton epyt-next\" data-playlistid=\"UUU2ZuBJI5v1Q-Lcaw3TWmvA\" data-pagesize=\"15\" data-pagetoken=\"EAAaHlBUOkNBOGlFRVJCUVRVMU1VTkdOekF3T0RRMFF6TQ\" data-epcolumns=\"3\" data-showtitle=\"1\" data-showpaging=\"1\" data-autonext=\"0\" data-thumbplay=\"1\"><div>Next<\/div> <div class=\"epyt-arrow\">&raquo;<\/div><\/div><div class=\"epyt-loader\"><img alt=\"loading\" width=\"16\" height=\"11\" src=\"https:\/\/www.tonkontrol.com\/wp-content\/plugins\/youtube-embed-plus\/images\/gallery-page-loader.gif\"><\/div><\/div><\/div><\/div>\n","protected":false},"excerpt":{"rendered":"","protected":false},"author":1,"featured_media":168,"parent":0,"menu_order":0,"comment_status":"closed","ping_status":"closed","template":"page-fullwidth.php","meta":{"kt_blocks_editor_width":"","ngg_post_thumbnail":0},"translation":{"provider":"WPGlobus","version":"2.8.11","language":"az","enabled_languages":["tr","en","ar","az","gr","ru","de","es","fr"],"languages":{"tr":{"title":true,"content":true,"excerpt":false},"en":{"title":true,"content":true,"excerpt":false},"ar":{"title":true,"content":true,"excerpt":false},"az":{"title":true,"content":true,"excerpt":false},"gr":{"title":true,"content":true,"excerpt":false},"ru":{"title":true,"content":true,"excerpt":false},"de":{"title":true,"content":true,"excerpt":false},"es":{"title":true,"content":true,"excerpt":false},"fr":{"title":true,"content":true,"excerpt":false}}},"yoast_head":"<!-- This site is optimized with the Yoast SEO plugin v19.0 - https:\/\/yoast.com\/wordpress\/plugins\/seo\/ -->\n<title>Video Qalereya - Ton Kontrol<\/title>\n<meta name=\"robots\" content=\"index, follow, max-snippet:-1, max-image-preview:large, max-video-preview:-1\" \/>\n<link rel=\"canonical\" href=\"https:\/\/www.tonkontrol.com\/es\/video-galeri\/\" \/>\n<meta property=\"og:locale\" content=\"az_AZ\" \/>\n<meta property=\"og:type\" content=\"article\" \/>\n<meta property=\"og:title\" content=\"Video Qalereya - Ton Kontrol\" \/>\n<meta property=\"og:url\" content=\"https:\/\/www.tonkontrol.com\/es\/video-galeri\/\" \/>\n<meta property=\"og:site_name\" content=\"Ton Kontrol\" \/>\n<meta property=\"article:modified_time\" content=\"2017-07-10T19:33:33+00:00\" \/>\n<meta property=\"og:image\" content=\"https:\/\/www.tonkontrol.com\/wp-content\/uploads\/2017\/07\/galeri-07.jpg\" \/>\n\t<meta property=\"og:image:width\" content=\"1229\" \/>\n\t<meta property=\"og:image:height\" content=\"1229\" \/>\n\t<meta property=\"og:image:type\" content=\"image\/jpeg\" \/>\n<meta name=\"twitter:card\" content=\"summary\" \/>\n<meta name=\"twitter:label1\" content=\"Est. reading time\" \/>\n\t<meta name=\"twitter:data1\" content=\"1 minute\" \/>\n<script type=\"application\/ld+json\" class=\"yoast-schema-graph\">{\"@context\":\"https:\/\/schema.org\",\"@graph\":[{\"@type\":\"WebSite\",\"@id\":\"https:\/\/www.tonkontrol.com\/#website\",\"url\":\"https:\/\/www.tonkontrol.com\/\",\"name\":\"Ton Kontrol\",\"description\":\"Digital Ton Yoxlama Sisteml\u0259ri\",\"potentialAction\":[{\"@type\":\"SearchAction\",\"target\":{\"@type\":\"EntryPoint\",\"urlTemplate\":\"https:\/\/www.tonkontrol.com\/?s={search_term_string}\"},\"query-input\":\"required name=search_term_string\"}],\"inLanguage\":\"az-AZ\"},{\"@type\":\"ImageObject\",\"inLanguage\":\"az-AZ\",\"@id\":\"https:\/\/www.tonkontrol.com\/es\/video-galeri\/#primaryimage\",\"url\":\"https:\/\/www.tonkontrol.com\/wp-content\/uploads\/2017\/07\/galeri-07.jpg\",\"contentUrl\":\"https:\/\/www.tonkontrol.com\/wp-content\/uploads\/2017\/07\/galeri-07.jpg\",\"width\":1229,\"height\":1229},{\"@type\":\"WebPage\",\"@id\":\"https:\/\/www.tonkontrol.com\/es\/video-galeri\/#webpage\",\"url\":\"https:\/\/www.tonkontrol.com\/es\/video-galeri\/\",\"name\":\"Video Qalereya - Ton Kontrol\",\"isPartOf\":{\"@id\":\"https:\/\/www.tonkontrol.com\/#website\"},\"primaryImageOfPage\":{\"@id\":\"https:\/\/www.tonkontrol.com\/es\/video-galeri\/#primaryimage\"},\"datePublished\":\"2017-07-10T19:26:31+00:00\",\"dateModified\":\"2017-07-10T19:33:33+00:00\",\"breadcrumb\":{\"@id\":\"https:\/\/www.tonkontrol.com\/es\/video-galeri\/#breadcrumb\"},\"inLanguage\":\"az-AZ\",\"potentialAction\":[{\"@type\":\"ReadAction\",\"target\":[\"https:\/\/www.tonkontrol.com\/es\/video-galeri\/\"]}]},{\"@type\":\"BreadcrumbList\",\"@id\":\"https:\/\/www.tonkontrol.com\/es\/video-galeri\/#breadcrumb\",\"itemListElement\":[{\"@type\":\"ListItem\",\"position\":1,\"name\":\"Index\",\"item\":\"https:\/\/www.tonkontrol.com\/\"},{\"@type\":\"ListItem\",\"position\":2,\"name\":\"Galeria de Videos\"}]}]}<\/script>\n<!-- \/ Yoast SEO plugin. -->","yoast_head_json":{"title":"Video Qalereya - Ton Kontrol","robots":{"index":"index","follow":"follow","max-snippet":"max-snippet:-1","max-image-preview":"max-image-preview:large","max-video-preview":"max-video-preview:-1"},"canonical":"https:\/\/www.tonkontrol.com\/es\/video-galeri\/","og_locale":"az_AZ","og_type":"article","og_title":"Video Qalereya - Ton Kontrol","og_url":"https:\/\/www.tonkontrol.com\/es\/video-galeri\/","og_site_name":"Ton Kontrol","article_modified_time":"2017-07-10T19:33:33+00:00","og_image":[{"width":1229,"height":1229,"url":"https:\/\/www.tonkontrol.com\/wp-content\/uploads\/2017\/07\/galeri-07.jpg","type":"image\/jpeg"}],"twitter_card":"summary","twitter_misc":{"Est. reading time":"1 minute"},"schema":{"@context":"https:\/\/schema.org","@graph":[{"@type":"WebSite","@id":"https:\/\/www.tonkontrol.com\/#website","url":"https:\/\/www.tonkontrol.com\/","name":"Ton Kontrol","description":"Digital Ton Yoxlama Sisteml\u0259ri","potentialAction":[{"@type":"SearchAction","target":{"@type":"EntryPoint","urlTemplate":"https:\/\/www.tonkontrol.com\/?s={search_term_string}"},"query-input":"required name=search_term_string"}],"inLanguage":"az-AZ"},{"@type":"ImageObject","inLanguage":"az-AZ","@id":"https:\/\/www.tonkontrol.com\/es\/video-galeri\/#primaryimage","url":"https:\/\/www.tonkontrol.com\/wp-content\/uploads\/2017\/07\/galeri-07.jpg","contentUrl":"https:\/\/www.tonkontrol.com\/wp-content\/uploads\/2017\/07\/galeri-07.jpg","width":1229,"height":1229},{"@type":"WebPage","@id":"https:\/\/www.tonkontrol.com\/es\/video-galeri\/#webpage","url":"https:\/\/www.tonkontrol.com\/es\/video-galeri\/","name":"Video Qalereya - Ton Kontrol","isPartOf":{"@id":"https:\/\/www.tonkontrol.com\/#website"},"primaryImageOfPage":{"@id":"https:\/\/www.tonkontrol.com\/es\/video-galeri\/#primaryimage"},"datePublished":"2017-07-10T19:26:31+00:00","dateModified":"2017-07-10T19:33:33+00:00","breadcrumb":{"@id":"https:\/\/www.tonkontrol.com\/es\/video-galeri\/#breadcrumb"},"inLanguage":"az-AZ","potentialAction":[{"@type":"ReadAction","target":["https:\/\/www.tonkontrol.com\/es\/video-galeri\/"]}]},{"@type":"BreadcrumbList","@id":"https:\/\/www.tonkontrol.com\/es\/video-galeri\/#breadcrumb","itemListElement":[{"@type":"ListItem","position":1,"name":"Index","item":"https:\/\/www.tonkontrol.com\/"},{"@type":"ListItem","position":2,"name":"Galeria de Videos"}]}]}},"_links":{"self":[{"href":"https:\/\/www.tonkontrol.com\/az\/wp-json\/wp\/v2\/pages\/431"}],"collection":[{"href":"https:\/\/www.tonkontrol.com\/az\/wp-json\/wp\/v2\/pages"}],"about":[{"href":"https:\/\/www.tonkontrol.com\/az\/wp-json\/wp\/v2\/types\/page"}],"author":[{"embeddable":true,"href":"https:\/\/www.tonkontrol.com\/az\/wp-json\/wp\/v2\/users\/1"}],"replies":[{"embeddable":true,"href":"https:\/\/www.tonkontrol.com\/az\/wp-json\/wp\/v2\/comments?post=431"}],"version-history":[{"count":11,"href":"https:\/\/www.tonkontrol.com\/az\/wp-json\/wp\/v2\/pages\/431\/revisions"}],"predecessor-version":[{"id":440,"href":"https:\/\/www.tonkontrol.com\/az\/wp-json\/wp\/v2\/pages\/431\/revisions\/440"}],"wp:featuredmedia":[{"embeddable":true,"href":"https:\/\/www.tonkontrol.com\/az\/wp-json\/wp\/v2\/media\/168"}],"wp:attachment":[{"href":"https:\/\/www.tonkontrol.com\/az\/wp-json\/wp\/v2\/media?parent=431"}],"curies":[{"name":"wp","href":"https:\/\/api.w.org\/{rel}","templated":true}]}}