{"id":375,"date":"2017-07-10T18:10:00","date_gmt":"2017-07-10T18:10:00","guid":{"rendered":"http:\/\/www.tonkontrol.com\/?page_id=375"},"modified":"2017-07-10T18:11:58","modified_gmt":"2017-07-10T18:11:58","slug":"malzeme","status":"publish","type":"page","link":"https:\/\/www.tonkontrol.com\/az\/malzeme\/","title":{"rendered":"Malzeme"},"content":{"rendered":"<p>B\u00fct\u00fcn d\u00f6vr\u0259l\u0259rin istehsal\u0131n\u0131 \u00f6z\u00fcm\u00fcz edirik.<\/p>\n<p>\u0130stehsal zaman\u0131 istifad\u0259 b\u00fct\u00fcn materiallar bazarda \u00f6z\u00fcn\u00fc isbat etmi\u015f v\u0259 keyfiyy\u0259tli markalardan se\u00e7ilm\u0259kd\u0259dir.<\/p>\n<p>Istehsalda istifad\u0259 edil\u0259n b\u0259zi elektron materiallar\u0131n x\u00fcsusiyy\u0259tl\u0259ri a\u015fa\u011f\u0131da s\u0131ralanm\u0131\u015fd\u0131r:<\/p>\n<p>\u00c7ap D\u00f6vr\u0259 (PCB)<br \/>\nT\u0259k v\u0259 ya \u00fcmumiyy\u0259tl\u0259 c\u00fct lay,<br \/>\nDelik i\u00e7i kaplama,<br \/>\n1.6 mm qal\u0131nl\u0131q,<br \/>\nQ\u0131rm\u0131z\u0131 \/ ya\u015f\u0131l maskeleme,<br \/>\nA\u011f t\u0259zyiq,<br \/>\nY\u00fcks\u0259k keyfiyy\u0259tli.<\/p>\n<p>M\u00fcqavim\u0259t (Resistor)<br \/>\nMetal film m\u00fcqavim\u0259t,<br \/>\n% 1 d\u00f6z\u00fcml\u00fcl\u00fckl\u00fc<\/p>\n<p>Kondansat\u00f6r (CAPACITOR)<br \/>\n% 10 d\u00f6z\u00fcml\u00fcl\u00fckl\u00fc polyester v\u0259 ya monolit kondensator,<br \/>\n105 C miniat\u00fcr tip elektrolitik kondensator,<br \/>\n% 10 d\u00f6z\u00fcml\u00fcl\u00fckl\u00fc tantalum SMD kondensator,<\/p>\n<p>Anahtarlar (Switches)<br \/>\nBirinci sinif Taiwan n\u00f6v\u00fc a\u00e7arlar\u0131,<br \/>\nMini v\u0259 ya miniat\u00fcr a\u00e7ar n\u00f6vl\u0259ri,<br \/>\n13 mm. uzun mil potansiyometre,<br \/>\nKeyfiyy\u0259tli metal tip stereo jack,<\/p>\n<p>kabell\u0259r<br \/>\n\u00c7\u0131x\u0131\u015fda istifad\u0259 \u00fc\u00e7\u00fcn keyfiyy\u0259tli blendajl\u0131 kabell\u0259r,<br \/>\nMontaj \u00fc\u00e7\u00fcn keyfiyy\u0259tli Tesisat kabell\u0259ri<\/p>\n<p>YARI\u0130LETKENLER (SEMICONDUCTORS)<br \/>\nBazarda bilin\u0259n markalardan se\u00e7il\u0259n YARI\u0130LETKENLER.<\/p>\n<p>Pot ba\u015flar\u0131 (Knobs)<br \/>\nAluminyum x\u0259lit\u0259li,<br \/>\nY\u00fcks\u0259k keyfiyy\u0259t kaplama,<br \/>\nQara-G\u00fcm\u00fc\u015f-Q\u0131z\u0131l r\u0259ngli<br \/>\n13 mm diametrind\u0259<\/p>\n","protected":false},"excerpt":{"rendered":"<p>B\u00fct\u00fcn d\u00f6vr\u0259l\u0259rin istehsal\u0131n\u0131 \u00f6z\u00fcm\u00fcz edirik. \u0130stehsal zaman\u0131 istifad\u0259 b\u00fct\u00fcn materiallar bazarda \u00f6z\u00fcn\u00fc isbat etmi\u015f v\u0259 keyfiyy\u0259tli markalardan se\u00e7ilm\u0259kd\u0259dir. Istehsalda istifad\u0259 edil\u0259n b\u0259zi elektron materiallar\u0131n x\u00fcsusiyy\u0259tl\u0259ri a\u015fa\u011f\u0131da s\u0131ralanm\u0131\u015fd\u0131r: \u00c7ap D\u00f6vr\u0259 (PCB) T\u0259k v\u0259 ya \u00fcmumiyy\u0259tl\u0259 c\u00fct lay, Delik i\u00e7i kaplama, 1.6 &hellip; <a href=\"https:\/\/www.tonkontrol.com\/az\/malzeme\/\">Continued<\/a><\/p>\n","protected":false},"author":1,"featured_media":0,"parent":0,"menu_order":0,"comment_status":"closed","ping_status":"closed","template":"page-feature.php","meta":{"kt_blocks_editor_width":"","ngg_post_thumbnail":0},"translation":{"provider":"WPGlobus","version":"2.8.11","language":"az","enabled_languages":["tr","en","ar","az","gr","ru","de","es","fr"],"languages":{"tr":{"title":true,"content":true,"excerpt":false},"en":{"title":true,"content":true,"excerpt":false},"ar":{"title":true,"content":true,"excerpt":false},"az":{"title":true,"content":true,"excerpt":false},"gr":{"title":true,"content":true,"excerpt":false},"ru":{"title":true,"content":true,"excerpt":false},"de":{"title":true,"content":true,"excerpt":false},"es":{"title":true,"content":true,"excerpt":false},"fr":{"title":true,"content":true,"excerpt":false}}},"yoast_head":"<!-- This site is optimized with the Yoast SEO plugin v19.0 - https:\/\/yoast.com\/wordpress\/plugins\/seo\/ -->\n<title>Malzeme - Ton Kontrol<\/title>\n<meta name=\"robots\" content=\"index, follow, max-snippet:-1, max-image-preview:large, max-video-preview:-1\" \/>\n<link rel=\"canonical\" href=\"https:\/\/www.tonkontrol.com\/malzeme\/\" \/>\n<meta property=\"og:locale\" content=\"az_AZ\" \/>\n<meta property=\"og:type\" content=\"article\" \/>\n<meta property=\"og:title\" content=\"Malzeme - Ton Kontrol\" \/>\n<meta property=\"og:url\" content=\"https:\/\/www.tonkontrol.com\/malzeme\/\" \/>\n<meta property=\"og:site_name\" content=\"Ton Kontrol\" \/>\n<meta property=\"article:modified_time\" content=\"2017-07-10T18:11:58+00:00\" \/>\n<meta name=\"twitter:card\" content=\"summary\" \/>\n<meta name=\"twitter:label1\" content=\"Est. reading time\" \/>\n\t<meta name=\"twitter:data1\" content=\"5 minutes\" \/>\n<script type=\"application\/ld+json\" class=\"yoast-schema-graph\">{\"@context\":\"https:\/\/schema.org\",\"@graph\":[{\"@type\":\"WebSite\",\"@id\":\"https:\/\/www.tonkontrol.com\/#website\",\"url\":\"https:\/\/www.tonkontrol.com\/\",\"name\":\"Ton Kontrol\",\"description\":\"Digital Ton Yoxlama Sisteml\u0259ri\",\"potentialAction\":[{\"@type\":\"SearchAction\",\"target\":{\"@type\":\"EntryPoint\",\"urlTemplate\":\"https:\/\/www.tonkontrol.com\/?s={search_term_string}\"},\"query-input\":\"required name=search_term_string\"}],\"inLanguage\":\"az-AZ\"},{\"@type\":\"WebPage\",\"@id\":\"https:\/\/www.tonkontrol.com\/malzeme\/#webpage\",\"url\":\"https:\/\/www.tonkontrol.com\/malzeme\/\",\"name\":\"Malzeme - Ton Kontrol\",\"isPartOf\":{\"@id\":\"https:\/\/www.tonkontrol.com\/#website\"},\"datePublished\":\"2017-07-10T18:10:00+00:00\",\"dateModified\":\"2017-07-10T18:11:58+00:00\",\"breadcrumb\":{\"@id\":\"https:\/\/www.tonkontrol.com\/malzeme\/#breadcrumb\"},\"inLanguage\":\"az-AZ\",\"potentialAction\":[{\"@type\":\"ReadAction\",\"target\":[\"https:\/\/www.tonkontrol.com\/malzeme\/\"]}]},{\"@type\":\"BreadcrumbList\",\"@id\":\"https:\/\/www.tonkontrol.com\/malzeme\/#breadcrumb\",\"itemListElement\":[{\"@type\":\"ListItem\",\"position\":1,\"name\":\"Index\",\"item\":\"https:\/\/www.tonkontrol.com\/\"},{\"@type\":\"ListItem\",\"position\":2,\"name\":\"Malzeme\"}]}]}<\/script>\n<!-- \/ Yoast SEO plugin. -->","yoast_head_json":{"title":"Malzeme - Ton Kontrol","robots":{"index":"index","follow":"follow","max-snippet":"max-snippet:-1","max-image-preview":"max-image-preview:large","max-video-preview":"max-video-preview:-1"},"canonical":"https:\/\/www.tonkontrol.com\/malzeme\/","og_locale":"az_AZ","og_type":"article","og_title":"Malzeme - Ton Kontrol","og_url":"https:\/\/www.tonkontrol.com\/malzeme\/","og_site_name":"Ton Kontrol","article_modified_time":"2017-07-10T18:11:58+00:00","twitter_card":"summary","twitter_misc":{"Est. reading time":"5 minutes"},"schema":{"@context":"https:\/\/schema.org","@graph":[{"@type":"WebSite","@id":"https:\/\/www.tonkontrol.com\/#website","url":"https:\/\/www.tonkontrol.com\/","name":"Ton Kontrol","description":"Digital Ton Yoxlama Sisteml\u0259ri","potentialAction":[{"@type":"SearchAction","target":{"@type":"EntryPoint","urlTemplate":"https:\/\/www.tonkontrol.com\/?s={search_term_string}"},"query-input":"required name=search_term_string"}],"inLanguage":"az-AZ"},{"@type":"WebPage","@id":"https:\/\/www.tonkontrol.com\/malzeme\/#webpage","url":"https:\/\/www.tonkontrol.com\/malzeme\/","name":"Malzeme - Ton Kontrol","isPartOf":{"@id":"https:\/\/www.tonkontrol.com\/#website"},"datePublished":"2017-07-10T18:10:00+00:00","dateModified":"2017-07-10T18:11:58+00:00","breadcrumb":{"@id":"https:\/\/www.tonkontrol.com\/malzeme\/#breadcrumb"},"inLanguage":"az-AZ","potentialAction":[{"@type":"ReadAction","target":["https:\/\/www.tonkontrol.com\/malzeme\/"]}]},{"@type":"BreadcrumbList","@id":"https:\/\/www.tonkontrol.com\/malzeme\/#breadcrumb","itemListElement":[{"@type":"ListItem","position":1,"name":"Index","item":"https:\/\/www.tonkontrol.com\/"},{"@type":"ListItem","position":2,"name":"Malzeme"}]}]}},"_links":{"self":[{"href":"https:\/\/www.tonkontrol.com\/az\/wp-json\/wp\/v2\/pages\/375"}],"collection":[{"href":"https:\/\/www.tonkontrol.com\/az\/wp-json\/wp\/v2\/pages"}],"about":[{"href":"https:\/\/www.tonkontrol.com\/az\/wp-json\/wp\/v2\/types\/page"}],"author":[{"embeddable":true,"href":"https:\/\/www.tonkontrol.com\/az\/wp-json\/wp\/v2\/users\/1"}],"replies":[{"embeddable":true,"href":"https:\/\/www.tonkontrol.com\/az\/wp-json\/wp\/v2\/comments?post=375"}],"version-history":[{"count":1,"href":"https:\/\/www.tonkontrol.com\/az\/wp-json\/wp\/v2\/pages\/375\/revisions"}],"predecessor-version":[{"id":379,"href":"https:\/\/www.tonkontrol.com\/az\/wp-json\/wp\/v2\/pages\/375\/revisions\/379"}],"wp:attachment":[{"href":"https:\/\/www.tonkontrol.com\/az\/wp-json\/wp\/v2\/media?parent=375"}],"curies":[{"name":"wp","href":"https:\/\/api.w.org\/{rel}","templated":true}]}}