{"id":363,"date":"2017-07-08T19:19:36","date_gmt":"2017-07-08T19:19:36","guid":{"rendered":"http:\/\/www.tonkontrol.com\/?page_id=363"},"modified":"2017-07-08T19:40:31","modified_gmt":"2017-07-08T19:40:31","slug":"tasarim","status":"publish","type":"page","link":"https:\/\/www.tonkontrol.com\/az\/tasarim\/","title":{"rendered":"Dizayn"},"content":{"rendered":"<p>Istehsal\u0131n\u0131 etdiyimiz d\u00f6vr\u0259l\u0259rin ham\u0131s\u0131n\u0131n dizayn\u0131 Elektrik-Elektronik m\u00fch\u0259ndisi Kenan BUDAK t\u0259r\u0259find\u0259n apar\u0131l\u0131r. Dizayn zaman\u0131 musiqi\u00e7i yolda\u015flar\u0131n ehtiyaclar\u0131n\u0131 t\u0259sbit etm\u0259k m\u0259qs\u0259diyl\u0259 bir \u00e7ox musiqi\u00e7i yolda\u015fla bir\u0259-bir dan\u0131\u015f\u0131qlar edilm\u0259kd\u0259 v\u0259 fikirl\u0259ri al\u0131nmaqdad\u0131r. D\u00f6vr\u0259l\u0259rin hardware v\u0259 proqram t\u0259minat\u0131 dizaynlar\u0131 laz\u0131m olan texnoloji m\u00fchitl\u0259r istifad\u0259 edilm\u0259kd\u0259dir. \u00c7\u0131xar\u0131lacaq d\u00f6vr\u0259l\u0259rin dizaynlar\u0131 edil\u0259rk\u0259n eyni d\u00f6vr\u0259nin bird\u0259n \u00e7ox prototip dizayn edil\u0259r\u0259k \u0259n ideal \u015f\u0259rtl\u0259r yarad\u0131lma\u011fa \u00e7al\u0131\u015f\u0131l\u0131r. Haz\u0131rlanacaq d\u00f6vr\u0259l\u0259r t\u0259sbit edil\u0259rk\u0259n musiqi\u00e7i yolda\u015flar\u0131n ist\u0259k v\u0259 t\u0259klifl\u0259ri n\u0259z\u0259r\u0259 al\u0131nmaqdad\u0131r.<\/p>\n","protected":false},"excerpt":{"rendered":"<p>Istehsal\u0131n\u0131 etdiyimiz d\u00f6vr\u0259l\u0259rin ham\u0131s\u0131n\u0131n dizayn\u0131 Elektrik-Elektronik m\u00fch\u0259ndisi Kenan BUDAK t\u0259r\u0259find\u0259n apar\u0131l\u0131r. Dizayn zaman\u0131 musiqi\u00e7i yolda\u015flar\u0131n ehtiyaclar\u0131n\u0131 t\u0259sbit etm\u0259k m\u0259qs\u0259diyl\u0259 bir \u00e7ox musiqi\u00e7i yolda\u015fla bir\u0259-bir dan\u0131\u015f\u0131qlar edilm\u0259kd\u0259 v\u0259 fikirl\u0259ri al\u0131nmaqdad\u0131r. D\u00f6vr\u0259l\u0259rin hardware v\u0259 proqram t\u0259minat\u0131 dizaynlar\u0131 laz\u0131m olan texnoloji m\u00fchitl\u0259r istifad\u0259 &hellip; <a href=\"https:\/\/www.tonkontrol.com\/az\/tasarim\/\">Continued<\/a><\/p>\n","protected":false},"author":1,"featured_media":248,"parent":0,"menu_order":0,"comment_status":"closed","ping_status":"closed","template":"page-feature.php","meta":{"kt_blocks_editor_width":"","ngg_post_thumbnail":0},"translation":{"provider":"WPGlobus","version":"2.8.11","language":"az","enabled_languages":["tr","en","ar","az","gr","ru","de","es","fr"],"languages":{"tr":{"title":true,"content":true,"excerpt":false},"en":{"title":true,"content":true,"excerpt":false},"ar":{"title":true,"content":true,"excerpt":false},"az":{"title":true,"content":true,"excerpt":false},"gr":{"title":true,"content":true,"excerpt":false},"ru":{"title":true,"content":true,"excerpt":false},"de":{"title":true,"content":true,"excerpt":false},"es":{"title":true,"content":true,"excerpt":false},"fr":{"title":true,"content":true,"excerpt":false}}},"yoast_head":"<!-- This site is optimized with the Yoast SEO plugin v19.0 - https:\/\/yoast.com\/wordpress\/plugins\/seo\/ -->\n<title>Dizayn - Ton Kontrol<\/title>\n<meta name=\"robots\" content=\"index, follow, max-snippet:-1, max-image-preview:large, max-video-preview:-1\" \/>\n<link rel=\"canonical\" href=\"https:\/\/www.tonkontrol.com\/az\/tasarim\/\" \/>\n<meta property=\"og:locale\" content=\"az_AZ\" \/>\n<meta property=\"og:type\" content=\"article\" \/>\n<meta property=\"og:title\" content=\"Dizayn - Ton Kontrol\" \/>\n<meta property=\"og:url\" content=\"https:\/\/www.tonkontrol.com\/az\/tasarim\/\" \/>\n<meta property=\"og:site_name\" content=\"Ton Kontrol\" \/>\n<meta property=\"article:modified_time\" content=\"2017-07-08T19:40:31+00:00\" \/>\n<meta property=\"og:image\" content=\"https:\/\/www.tonkontrol.com\/wp-content\/uploads\/2017\/07\/AR-GE-13.jpg\" \/>\n\t<meta property=\"og:image:width\" content=\"3264\" \/>\n\t<meta property=\"og:image:height\" content=\"2448\" \/>\n\t<meta property=\"og:image:type\" content=\"image\/jpeg\" \/>\n<meta name=\"twitter:card\" content=\"summary\" \/>\n<meta name=\"twitter:label1\" content=\"Est. reading time\" \/>\n\t<meta name=\"twitter:data1\" content=\"3 minutes\" \/>\n<script type=\"application\/ld+json\" class=\"yoast-schema-graph\">{\"@context\":\"https:\/\/schema.org\",\"@graph\":[{\"@type\":\"WebSite\",\"@id\":\"https:\/\/www.tonkontrol.com\/#website\",\"url\":\"https:\/\/www.tonkontrol.com\/\",\"name\":\"Ton Kontrol\",\"description\":\"Digital Ton Yoxlama Sisteml\u0259ri\",\"potentialAction\":[{\"@type\":\"SearchAction\",\"target\":{\"@type\":\"EntryPoint\",\"urlTemplate\":\"https:\/\/www.tonkontrol.com\/?s={search_term_string}\"},\"query-input\":\"required name=search_term_string\"}],\"inLanguage\":\"az-AZ\"},{\"@type\":\"ImageObject\",\"inLanguage\":\"az-AZ\",\"@id\":\"https:\/\/www.tonkontrol.com\/az\/tasarim\/#primaryimage\",\"url\":\"https:\/\/www.tonkontrol.com\/wp-content\/uploads\/2017\/07\/AR-GE-13.jpg\",\"contentUrl\":\"https:\/\/www.tonkontrol.com\/wp-content\/uploads\/2017\/07\/AR-GE-13.jpg\",\"width\":3264,\"height\":2448},{\"@type\":\"WebPage\",\"@id\":\"https:\/\/www.tonkontrol.com\/az\/tasarim\/#webpage\",\"url\":\"https:\/\/www.tonkontrol.com\/az\/tasarim\/\",\"name\":\"Dizayn - Ton Kontrol\",\"isPartOf\":{\"@id\":\"https:\/\/www.tonkontrol.com\/#website\"},\"primaryImageOfPage\":{\"@id\":\"https:\/\/www.tonkontrol.com\/az\/tasarim\/#primaryimage\"},\"datePublished\":\"2017-07-08T19:19:36+00:00\",\"dateModified\":\"2017-07-08T19:40:31+00:00\",\"breadcrumb\":{\"@id\":\"https:\/\/www.tonkontrol.com\/az\/tasarim\/#breadcrumb\"},\"inLanguage\":\"az-AZ\",\"potentialAction\":[{\"@type\":\"ReadAction\",\"target\":[\"https:\/\/www.tonkontrol.com\/az\/tasarim\/\"]}]},{\"@type\":\"BreadcrumbList\",\"@id\":\"https:\/\/www.tonkontrol.com\/az\/tasarim\/#breadcrumb\",\"itemListElement\":[{\"@type\":\"ListItem\",\"position\":1,\"name\":\"Index\",\"item\":\"https:\/\/www.tonkontrol.com\/\"},{\"@type\":\"ListItem\",\"position\":2,\"name\":\"Dizayn\"}]}]}<\/script>\n<!-- \/ Yoast SEO plugin. -->","yoast_head_json":{"title":"Dizayn - Ton Kontrol","robots":{"index":"index","follow":"follow","max-snippet":"max-snippet:-1","max-image-preview":"max-image-preview:large","max-video-preview":"max-video-preview:-1"},"canonical":"https:\/\/www.tonkontrol.com\/az\/tasarim\/","og_locale":"az_AZ","og_type":"article","og_title":"Dizayn - Ton Kontrol","og_url":"https:\/\/www.tonkontrol.com\/az\/tasarim\/","og_site_name":"Ton Kontrol","article_modified_time":"2017-07-08T19:40:31+00:00","og_image":[{"width":3264,"height":2448,"url":"https:\/\/www.tonkontrol.com\/wp-content\/uploads\/2017\/07\/AR-GE-13.jpg","type":"image\/jpeg"}],"twitter_card":"summary","twitter_misc":{"Est. reading time":"3 minutes"},"schema":{"@context":"https:\/\/schema.org","@graph":[{"@type":"WebSite","@id":"https:\/\/www.tonkontrol.com\/#website","url":"https:\/\/www.tonkontrol.com\/","name":"Ton Kontrol","description":"Digital Ton Yoxlama Sisteml\u0259ri","potentialAction":[{"@type":"SearchAction","target":{"@type":"EntryPoint","urlTemplate":"https:\/\/www.tonkontrol.com\/?s={search_term_string}"},"query-input":"required name=search_term_string"}],"inLanguage":"az-AZ"},{"@type":"ImageObject","inLanguage":"az-AZ","@id":"https:\/\/www.tonkontrol.com\/az\/tasarim\/#primaryimage","url":"https:\/\/www.tonkontrol.com\/wp-content\/uploads\/2017\/07\/AR-GE-13.jpg","contentUrl":"https:\/\/www.tonkontrol.com\/wp-content\/uploads\/2017\/07\/AR-GE-13.jpg","width":3264,"height":2448},{"@type":"WebPage","@id":"https:\/\/www.tonkontrol.com\/az\/tasarim\/#webpage","url":"https:\/\/www.tonkontrol.com\/az\/tasarim\/","name":"Dizayn - Ton Kontrol","isPartOf":{"@id":"https:\/\/www.tonkontrol.com\/#website"},"primaryImageOfPage":{"@id":"https:\/\/www.tonkontrol.com\/az\/tasarim\/#primaryimage"},"datePublished":"2017-07-08T19:19:36+00:00","dateModified":"2017-07-08T19:40:31+00:00","breadcrumb":{"@id":"https:\/\/www.tonkontrol.com\/az\/tasarim\/#breadcrumb"},"inLanguage":"az-AZ","potentialAction":[{"@type":"ReadAction","target":["https:\/\/www.tonkontrol.com\/az\/tasarim\/"]}]},{"@type":"BreadcrumbList","@id":"https:\/\/www.tonkontrol.com\/az\/tasarim\/#breadcrumb","itemListElement":[{"@type":"ListItem","position":1,"name":"Index","item":"https:\/\/www.tonkontrol.com\/"},{"@type":"ListItem","position":2,"name":"Dizayn"}]}]}},"_links":{"self":[{"href":"https:\/\/www.tonkontrol.com\/az\/wp-json\/wp\/v2\/pages\/363"}],"collection":[{"href":"https:\/\/www.tonkontrol.com\/az\/wp-json\/wp\/v2\/pages"}],"about":[{"href":"https:\/\/www.tonkontrol.com\/az\/wp-json\/wp\/v2\/types\/page"}],"author":[{"embeddable":true,"href":"https:\/\/www.tonkontrol.com\/az\/wp-json\/wp\/v2\/users\/1"}],"replies":[{"embeddable":true,"href":"https:\/\/www.tonkontrol.com\/az\/wp-json\/wp\/v2\/comments?post=363"}],"version-history":[{"count":10,"href":"https:\/\/www.tonkontrol.com\/az\/wp-json\/wp\/v2\/pages\/363\/revisions"}],"predecessor-version":[{"id":374,"href":"https:\/\/www.tonkontrol.com\/az\/wp-json\/wp\/v2\/pages\/363\/revisions\/374"}],"wp:featuredmedia":[{"embeddable":true,"href":"https:\/\/www.tonkontrol.com\/az\/wp-json\/wp\/v2\/media\/248"}],"wp:attachment":[{"href":"https:\/\/www.tonkontrol.com\/az\/wp-json\/wp\/v2\/media?parent=363"}],"curies":[{"name":"wp","href":"https:\/\/api.w.org\/{rel}","templated":true}]}}